{"id":692,"date":"2021-12-29T17:17:13","date_gmt":"2021-12-29T16:17:13","guid":{"rendered":"https:\/\/blugallery.mpdev.it\/?page_id=692"},"modified":"2023-11-24T11:24:13","modified_gmt":"2023-11-24T10:24:13","slug":"privacy-policy-per-le-candidature","status":"publish","type":"page","link":"https:\/\/www.centromedicoblugallery.it\/visite-specialistiche\/privacy-policy-candidature\/","title":{"rendered":"Privacy Policy per le Candidature"},"content":{"rendered":"\n<h3 class=\"wp-block-heading\">Informativa sulla protezione e trattamento dei dati personali <br>ai sensi del Regolamento UE 2106\/679 (GDPR) e del Dlgs. 196\/03 s.m.i.<\/h3>\n\n\n\n<div style=\"height:20px\" aria-hidden=\"true\" class=\"wp-block-spacer\"><\/div>\n\n\n\n<p><strong>DATI DI CONTATTO DEL TITOLARE DEL TRATTAMENTO<br><\/strong>Titolare \u00e8 il Centro Medico Blu Gallery srl<br>avente sede legale a San Severino Marche 62027 (MC), via F. Ferranti 41, <br>C.F. e P. IVA 01723630438<br>nella persona del legale rappresentante p.t. <br>Tel. 0733 639051<br>Email&nbsp;centromedicoblugallery@gmail.com<\/p>\n\n\n\n<p><meta charset=\"utf-8\"><strong>DESTINATARI DEI DATI<\/strong><br>I dati potranno essere trattati da:<\/p>\n\n\n\n<ul class=\"wp-block-list\">\n<li>Centri elaborazione dati a fini amministrativi, contabili o fiscali (responsabili esterni del trattamento).<\/li>\n\n\n\n<li>Imprese di assistenza software o hardware su sistemi o apparecchiature informatiche (responsabili esterni).<\/li>\n\n\n\n<li>Dipendenti, collaboratori o stagisti (autorizzati al trattamento).<\/li>\n\n\n\n<li>Istituti bancari e assicurativi che eroghino prestazioni funzionali ai fini perseguiti (destinatari terzi).<\/li>\n\n\n\n<li>Soggetti che elaborano i dati in esecuzione di specifici obblighi di legge (destinatari terzi).<\/li>\n\n\n\n<li>Autorit\u00e0 giudiziarie, amministrative e della pubblica amministrazione (destinatari terzi).<\/li>\n\n\n\n<li>Professionisti\/consulenti del Titolare necessari l\u2019erogazione dei servizi\/prodotti richiesti e\/o erogati (responsabili esterni).<\/li>\n<\/ul>\n\n\n\n<p><strong>LEGITTIMO INTERESSE<br><\/strong>Il trattamento \u00e8 basato anche sul legittimo interesse del titolare (art. 6, l. f), congruamente alle finalit\u00e0 perseguite nel proprio oggetto sociale, senza prevalenza sugli interessi, diritti e libert\u00e0 fondamentali degli interessati.<\/p>\n\n\n\n<p><strong>FINALIT\u00c0 DEL TRATTAMENTO DEI DATI<br><\/strong>Il trattamento \u00e8 finalizzato alla valutazione di candidature e collaborazioni professionali nonch\u00e9 al fine di adempiere agli obblighi amministrativi, fiscali, contabili e secondo gli obblighi di legge I dati personali potranno essere trattati a mezzo sia di archivi cartacei che informatici (ivi compresi dispositivi portatili) e trattati con modalit\u00e0 strettamente necessarie a far fronte alle finalit\u00e0 sopra indicate.<\/p>\n\n\n\n<p><strong>BASE GIURIDICA DEL TRATTAMENTO<br><\/strong>Il Titolare effettua i trattamenti ai sensi dell\u2019art. 6 lett. b) del GDPR ed in conseguenza della volont\u00e0 dell\u2019interessato di presentare spontaneamente la propria candidatura come previsto dall\u2019art. 111bis del Dlgs 196\/03 s.m.i., nonch\u00e9 di consenso per gli eventuali dati forniti spontaneamente e rientranti nei casi di cui all\u2019art. 9 e 10 del GDPR al momento del primo colloquio di approfondimento, se proposto.<\/p>\n\n\n\n<p><strong>CONSERVAZIONE DEI DATI<\/strong><br>I Suoi dati personali, oggetto di trattamento per le finalit\u00e0 sopra indicate, saranno conservati:<\/p>\n\n\n\n<ul class=\"wp-block-list\">\n<li>Per il periodo di valutazione della candidatura, presente e\/o futura, se ritenuta valida dal Titolare.<\/li>\n\n\n\n<li>Per i 10 anni&nbsp; successivi alla conclusione dell\u2019eventuale contratto tra le parti (salvi gli effetti di eventuali eventi interruttivi), in caso di instaurazione di un contratto con il candidato, conformemente alle norme vigenti in materia.<\/li>\n\n\n\n<li>Potranno essere conservati per i 10 anni successivi dalla conclusione del contratto (salvi gli effetti di eventuali eventi interruttivi) anche al fine di consentire la difesa in giudizio dei titolare.<\/li>\n<\/ul>\n\n\n\n<p><strong>DIRITTI DELL\u2019INTERESSATO<\/strong><br>Tra i diritti a Lei riconosciuti dal GDPR rientrano quelli di:<\/p>\n\n\n\n<ul class=\"wp-block-list\">\n<li>chiedere al\/ai titolare\/i l\u2019accesso ai Suoi dati personali ed alle informazioni relative agli stessi;<\/li>\n\n\n\n<li>la rettifica dei dati inesatti o l'integrazione di quelli incompleti;<\/li>\n\n\n\n<li>la cancellazione dei dati personali che La riguardano (al verificarsi di una delle condizioni indicate nell'art. 17, paragrafo 1 del GDPR e nel rispetto delle eccezioni previste nel paragrafo 3 dello stesso articolo);<\/li>\n\n\n\n<li>la limitazione del trattamento dei Suoi dati personali (al ricorrere di una delle ipotesi indicate nell'art. 18, paragrafo 1 del GDPR);<\/li>\n\n\n\n<li>richiedere ed ottenere al\/ai titolare\/i \u2014 nelle ipotesi in cui la base giuridica del trattamento sia il contratto o il consenso, e lo stesso sia effettuato con mezzi automatizzati - i Suoi dati personali in un formato strutturato e leggibile da dispositivo automatico, anche al fine di comunicare tali dati ad un altro titolare del trattamento (c.d. diritto alla portabilit\u00e0 dei dati personali);<\/li>\n\n\n\n<li>opporsi in qualsiasi momento al trattamento dei Suoi dati personali al ricorrere di situazioni particolari che La riguardano;<\/li>\n\n\n\n<li>revocare il\/i consensi forniti, chiedendo l\u2019interruzione del trattamento autorizzato fino a quel momento al\/ai titolari.<\/li>\n\n\n\n<li>proporre reclamo a un'autorit\u00e0 di controllo (In Italia: Autorit\u00e0 Garante per la protezione dei dati personali&nbsp;www.garanteprivacy.it).<\/li>\n<\/ul>\n\n\n\n<p><strong>CONSEGUENZE DELLA MANCATA COMUNICAZIONE DEI DATI PERSONALI<\/strong><br>Con riguardo ai dati personali eventualmente richiesti in fase di selezione del personale, la mancata comunicazione degli stessi pu\u00f2 impedire il perfezionarsi della valutazione da parte del Titolare.<\/p>\n\n\n\n<p><strong>CATEGORIE DI DATI<\/strong><br>I dati trattati possono appartenere alla categoria dei dati comuni di cui all\u2019Art. 4 GDPR, a categorie particolari di dati personali di cui all\u2019art. 9 del GDPR ed a dati personali relativi a condanne penali e reati di cui all\u2019art. 10 del GDPR.<\/p>\n\n\n\n<p>Ulteriori informazioni dettagliate potranno essere richieste in qualunque momento al Titolare contattandolo all\u2019indirizzo:<br>via F.Ferranti, 41 \u2013 Zona Ind. Taccoli<br>62027 San Severino Marche (MC)<br>Email:&nbsp;centromedicoblugallery@gmail.com<br>Tel:&nbsp;0733 639051<\/p>\n","protected":false},"excerpt":{"rendered":"<p>Informativa sulla protezione e trattamento dei dati personali ai sensi del Regolamento UE 2106\/679 (GDPR) e del Dlgs. 196\/03 s.m.i. DATI DI CONTATTO DEL TITOLARE DEL TRATTAMENTOTitolare \u00e8 il Centro Medico Blu Gallery srlavente sede legale a San Severino Marche 62027 (MC), via F. Ferranti 41, C.F. e P. IVA 01723630438nella persona del legale rappresentante [&hellip;]<\/p>\n","protected":false},"author":1,"featured_media":0,"parent":0,"menu_order":0,"comment_status":"closed","ping_status":"closed","template":"","meta":{"footnotes":""},"class_list":["post-692","page","type-page","status-publish","hentry"],"yoast_head":"<!-- This site is optimized with the Yoast SEO plugin v27.4 - https:\/\/yoast.com\/product\/yoast-seo-wordpress\/ -->\n<title>Privacy Policy per le Candidature - Centro Medico BluGallery<\/title>\n<meta name=\"description\" content=\"Leggi la nostra privacy policy su come proteggiamo e trattiamo i dati personali dei candidati che ci inviano il loro Curriculum.\" \/>\n<meta name=\"robots\" content=\"noindex, follow\" \/>\n<meta property=\"og:locale\" content=\"it_IT\" \/>\n<meta property=\"og:type\" content=\"article\" \/>\n<meta property=\"og:title\" content=\"Privacy Policy per le Candidature - Centro Medico BluGallery\" \/>\n<meta property=\"og:description\" content=\"Leggi la nostra privacy policy su come proteggiamo e trattiamo i dati personali dei candidati che ci inviano il loro Curriculum.\" \/>\n<meta property=\"og:url\" content=\"https:\/\/www.centromedicoblugallery.it\/visite-specialistiche\/privacy-policy-candidature\/\" \/>\n<meta property=\"og:site_name\" content=\"Centro Medico BluGallery\" \/>\n<meta property=\"article:publisher\" content=\"https:\/\/www.facebook.com\/centromedicoBluGallery\/\" \/>\n<meta property=\"article:modified_time\" content=\"2023-11-24T10:24:13+00:00\" \/>\n<meta name=\"twitter:card\" content=\"summary_large_image\" \/>\n<meta name=\"twitter:label1\" content=\"Tempo di lettura stimato\" \/>\n\t<meta name=\"twitter:data1\" content=\"4 minuti\" \/>\n<script type=\"application\/ld+json\" class=\"yoast-schema-graph\">{\"@context\":\"https:\\\/\\\/schema.org\",\"@graph\":[{\"@type\":\"WebPage\",\"@id\":\"https:\\\/\\\/www.centromedicoblugallery.it\\\/visite-specialistiche\\\/privacy-policy-candidature\\\/\",\"url\":\"https:\\\/\\\/www.centromedicoblugallery.it\\\/visite-specialistiche\\\/privacy-policy-candidature\\\/\",\"name\":\"Privacy Policy per le Candidature - Centro Medico BluGallery\",\"isPartOf\":{\"@id\":\"https:\\\/\\\/www.centromedicoblugallery.it\\\/visite-specialistiche\\\/#website\"},\"datePublished\":\"2021-12-29T16:17:13+00:00\",\"dateModified\":\"2023-11-24T10:24:13+00:00\",\"description\":\"Leggi la nostra privacy policy su come proteggiamo e trattiamo i dati personali dei candidati che ci inviano il loro Curriculum.\",\"breadcrumb\":{\"@id\":\"https:\\\/\\\/www.centromedicoblugallery.it\\\/visite-specialistiche\\\/privacy-policy-candidature\\\/#breadcrumb\"},\"inLanguage\":\"it-IT\",\"potentialAction\":[{\"@type\":\"ReadAction\",\"target\":[\"https:\\\/\\\/www.centromedicoblugallery.it\\\/visite-specialistiche\\\/privacy-policy-candidature\\\/\"]}]},{\"@type\":\"BreadcrumbList\",\"@id\":\"https:\\\/\\\/www.centromedicoblugallery.it\\\/visite-specialistiche\\\/privacy-policy-candidature\\\/#breadcrumb\",\"itemListElement\":[{\"@type\":\"ListItem\",\"position\":1,\"name\":\"Home\",\"item\":\"https:\\\/\\\/www.centromedicoblugallery.it\\\/visite-specialistiche\\\/\"},{\"@type\":\"ListItem\",\"position\":2,\"name\":\"Privacy Policy per le Candidature\"}]},{\"@type\":\"WebSite\",\"@id\":\"https:\\\/\\\/www.centromedicoblugallery.it\\\/visite-specialistiche\\\/#website\",\"url\":\"https:\\\/\\\/www.centromedicoblugallery.it\\\/visite-specialistiche\\\/\",\"name\":\"Centro Medico BluGallery\",\"description\":\"Il tuo punto di riferimento per la salute, a San Severino Marche, Macerata.\",\"publisher\":{\"@id\":\"https:\\\/\\\/www.centromedicoblugallery.it\\\/visite-specialistiche\\\/#organization\"},\"potentialAction\":[{\"@type\":\"SearchAction\",\"target\":{\"@type\":\"EntryPoint\",\"urlTemplate\":\"https:\\\/\\\/www.centromedicoblugallery.it\\\/visite-specialistiche\\\/?s={search_term_string}\"},\"query-input\":{\"@type\":\"PropertyValueSpecification\",\"valueRequired\":true,\"valueName\":\"search_term_string\"}}],\"inLanguage\":\"it-IT\"},{\"@type\":\"Organization\",\"@id\":\"https:\\\/\\\/www.centromedicoblugallery.it\\\/visite-specialistiche\\\/#organization\",\"name\":\"Centro Medico BluGallery\",\"url\":\"https:\\\/\\\/www.centromedicoblugallery.it\\\/visite-specialistiche\\\/\",\"logo\":{\"@type\":\"ImageObject\",\"inLanguage\":\"it-IT\",\"@id\":\"https:\\\/\\\/www.centromedicoblugallery.it\\\/visite-specialistiche\\\/#\\\/schema\\\/logo\\\/image\\\/\",\"url\":\"https:\\\/\\\/www.centromedicoblugallery.it\\\/visite-specialistiche\\\/wp-content\\\/uploads\\\/2021\\\/07\\\/centro-medico-blugallery-logo-t.png\",\"contentUrl\":\"https:\\\/\\\/www.centromedicoblugallery.it\\\/visite-specialistiche\\\/wp-content\\\/uploads\\\/2021\\\/07\\\/centro-medico-blugallery-logo-t.png\",\"width\":450,\"height\":162,\"caption\":\"Centro Medico BluGallery\"},\"image\":{\"@id\":\"https:\\\/\\\/www.centromedicoblugallery.it\\\/visite-specialistiche\\\/#\\\/schema\\\/logo\\\/image\\\/\"},\"sameAs\":[\"https:\\\/\\\/www.facebook.com\\\/centromedicoBluGallery\\\/\",\"https:\\\/\\\/www.youtube.com\\\/channel\\\/UCFtIs2PpVHFycgShYEk_50Q\"]}]}<\/script>\n<!-- \/ Yoast SEO plugin. -->","yoast_head_json":{"title":"Privacy Policy per le Candidature - Centro Medico BluGallery","description":"Leggi la nostra privacy policy su come proteggiamo e trattiamo i dati personali dei candidati che ci inviano il loro Curriculum.","robots":{"index":"noindex","follow":"follow"},"og_locale":"it_IT","og_type":"article","og_title":"Privacy Policy per le Candidature - Centro Medico BluGallery","og_description":"Leggi la nostra privacy policy su come proteggiamo e trattiamo i dati personali dei candidati che ci inviano il loro Curriculum.","og_url":"https:\/\/www.centromedicoblugallery.it\/visite-specialistiche\/privacy-policy-candidature\/","og_site_name":"Centro Medico BluGallery","article_publisher":"https:\/\/www.facebook.com\/centromedicoBluGallery\/","article_modified_time":"2023-11-24T10:24:13+00:00","twitter_card":"summary_large_image","twitter_misc":{"Tempo di lettura stimato":"4 minuti"},"schema":{"@context":"https:\/\/schema.org","@graph":[{"@type":"WebPage","@id":"https:\/\/www.centromedicoblugallery.it\/visite-specialistiche\/privacy-policy-candidature\/","url":"https:\/\/www.centromedicoblugallery.it\/visite-specialistiche\/privacy-policy-candidature\/","name":"Privacy Policy per le Candidature - Centro Medico BluGallery","isPartOf":{"@id":"https:\/\/www.centromedicoblugallery.it\/visite-specialistiche\/#website"},"datePublished":"2021-12-29T16:17:13+00:00","dateModified":"2023-11-24T10:24:13+00:00","description":"Leggi la nostra privacy policy su come proteggiamo e trattiamo i dati personali dei candidati che ci inviano il loro Curriculum.","breadcrumb":{"@id":"https:\/\/www.centromedicoblugallery.it\/visite-specialistiche\/privacy-policy-candidature\/#breadcrumb"},"inLanguage":"it-IT","potentialAction":[{"@type":"ReadAction","target":["https:\/\/www.centromedicoblugallery.it\/visite-specialistiche\/privacy-policy-candidature\/"]}]},{"@type":"BreadcrumbList","@id":"https:\/\/www.centromedicoblugallery.it\/visite-specialistiche\/privacy-policy-candidature\/#breadcrumb","itemListElement":[{"@type":"ListItem","position":1,"name":"Home","item":"https:\/\/www.centromedicoblugallery.it\/visite-specialistiche\/"},{"@type":"ListItem","position":2,"name":"Privacy Policy per le Candidature"}]},{"@type":"WebSite","@id":"https:\/\/www.centromedicoblugallery.it\/visite-specialistiche\/#website","url":"https:\/\/www.centromedicoblugallery.it\/visite-specialistiche\/","name":"Centro Medico BluGallery","description":"Il tuo punto di riferimento per la salute, a San Severino Marche, Macerata.","publisher":{"@id":"https:\/\/www.centromedicoblugallery.it\/visite-specialistiche\/#organization"},"potentialAction":[{"@type":"SearchAction","target":{"@type":"EntryPoint","urlTemplate":"https:\/\/www.centromedicoblugallery.it\/visite-specialistiche\/?s={search_term_string}"},"query-input":{"@type":"PropertyValueSpecification","valueRequired":true,"valueName":"search_term_string"}}],"inLanguage":"it-IT"},{"@type":"Organization","@id":"https:\/\/www.centromedicoblugallery.it\/visite-specialistiche\/#organization","name":"Centro Medico BluGallery","url":"https:\/\/www.centromedicoblugallery.it\/visite-specialistiche\/","logo":{"@type":"ImageObject","inLanguage":"it-IT","@id":"https:\/\/www.centromedicoblugallery.it\/visite-specialistiche\/#\/schema\/logo\/image\/","url":"https:\/\/www.centromedicoblugallery.it\/visite-specialistiche\/wp-content\/uploads\/2021\/07\/centro-medico-blugallery-logo-t.png","contentUrl":"https:\/\/www.centromedicoblugallery.it\/visite-specialistiche\/wp-content\/uploads\/2021\/07\/centro-medico-blugallery-logo-t.png","width":450,"height":162,"caption":"Centro Medico BluGallery"},"image":{"@id":"https:\/\/www.centromedicoblugallery.it\/visite-specialistiche\/#\/schema\/logo\/image\/"},"sameAs":["https:\/\/www.facebook.com\/centromedicoBluGallery\/","https:\/\/www.youtube.com\/channel\/UCFtIs2PpVHFycgShYEk_50Q"]}]}},"_links":{"self":[{"href":"https:\/\/www.centromedicoblugallery.it\/visite-specialistiche\/wp-json\/wp\/v2\/pages\/692","targetHints":{"allow":["GET"]}}],"collection":[{"href":"https:\/\/www.centromedicoblugallery.it\/visite-specialistiche\/wp-json\/wp\/v2\/pages"}],"about":[{"href":"https:\/\/www.centromedicoblugallery.it\/visite-specialistiche\/wp-json\/wp\/v2\/types\/page"}],"author":[{"embeddable":true,"href":"https:\/\/www.centromedicoblugallery.it\/visite-specialistiche\/wp-json\/wp\/v2\/users\/1"}],"replies":[{"embeddable":true,"href":"https:\/\/www.centromedicoblugallery.it\/visite-specialistiche\/wp-json\/wp\/v2\/comments?post=692"}],"version-history":[{"count":8,"href":"https:\/\/www.centromedicoblugallery.it\/visite-specialistiche\/wp-json\/wp\/v2\/pages\/692\/revisions"}],"predecessor-version":[{"id":1243,"href":"https:\/\/www.centromedicoblugallery.it\/visite-specialistiche\/wp-json\/wp\/v2\/pages\/692\/revisions\/1243"}],"wp:attachment":[{"href":"https:\/\/www.centromedicoblugallery.it\/visite-specialistiche\/wp-json\/wp\/v2\/media?parent=692"}],"curies":[{"name":"wp","href":"https:\/\/api.w.org\/{rel}","templated":true}]}}